{"id":9753,"date":"2022-09-11T16:54:54","date_gmt":"2022-09-11T19:54:54","guid":{"rendered":"https:\/\/alternativanikkei.com\/?post_type=product&#038;p=9753"},"modified":"2024-09-15T19:46:43","modified_gmt":"2024-09-15T22:46:43","slug":"la-cultura-de-japon","status":"publish","type":"product","link":"https:\/\/alternativanikkei.com\/2026\/producto\/la-cultura-de-japon\/","title":{"rendered":"La Cultura de Jap\u00f3n"},"content":{"rendered":"<p class=\"font-weight-light font-size-small color-text\">Marta Elena Pena de Matsushita, autora de esta obra, es Argentina residente en Jap\u00f3n, con formaci\u00f3n acad\u00e9mica en ciencias sociales. Estos dos elementos le permiten ofrecernos un panorama total del Jap\u00f3n, su actualidad, su historia. Un recorrido por las costumbres, la tradici\u00f3n, la sociedad del milenario y atractivo Jap\u00f3n.<\/p>\n","protected":false},"excerpt":{"rendered":"<p>Marta Elena Pena de Matsushita, autora de esta obra, es Argentina residente en Jap\u00f3n, con formaci\u00f3n acad\u00e9mica en ciencias sociales. Estos dos elementos le permiten ofrecernos un panorama total del Jap\u00f3n, su actualidad, su historia. Un recorrido por las costumbres, la tradici\u00f3n, la sociedad del milenario y atractivo Jap\u00f3n.<\/p>\n","protected":false},"featured_media":9754,"template":"","meta":[],"product_brand":[],"product_cat":[45,50],"product_tag":[],"class_list":{"0":"post-9753","1":"product","2":"type-product","3":"status-publish","4":"has-post-thumbnail","6":"product_cat-libreria","7":"product_cat-libros-y-revistas","9":"first","10":"instock","11":"shipping-taxable","12":"purchasable","13":"product-type-simple"},"_links":{"self":[{"href":"https:\/\/alternativanikkei.com\/2026\/wp-json\/wp\/v2\/product\/9753","targetHints":{"allow":["GET"]}}],"collection":[{"href":"https:\/\/alternativanikkei.com\/2026\/wp-json\/wp\/v2\/product"}],"about":[{"href":"https:\/\/alternativanikkei.com\/2026\/wp-json\/wp\/v2\/types\/product"}],"wp:featuredmedia":[{"embeddable":true,"href":"https:\/\/alternativanikkei.com\/2026\/wp-json\/wp\/v2\/media\/9754"}],"wp:attachment":[{"href":"https:\/\/alternativanikkei.com\/2026\/wp-json\/wp\/v2\/media?parent=9753"}],"wp:term":[{"taxonomy":"product_brand","embeddable":true,"href":"https:\/\/alternativanikkei.com\/2026\/wp-json\/wp\/v2\/product_brand?post=9753"},{"taxonomy":"product_cat","embeddable":true,"href":"https:\/\/alternativanikkei.com\/2026\/wp-json\/wp\/v2\/product_cat?post=9753"},{"taxonomy":"product_tag","embeddable":true,"href":"https:\/\/alternativanikkei.com\/2026\/wp-json\/wp\/v2\/product_tag?post=9753"}],"curies":[{"name":"wp","href":"https:\/\/api.w.org\/{rel}","templated":true}]}}