{"id":9755,"date":"2022-09-16T23:19:55","date_gmt":"2022-09-17T02:19:55","guid":{"rendered":"https:\/\/alternativanikkei.com\/?post_type=product&#038;p=9755"},"modified":"2024-08-24T17:13:02","modified_gmt":"2024-08-24T20:13:02","slug":"tabi-no-sakana-2-bocados-de-un-viaje-gourmet","status":"publish","type":"product","link":"https:\/\/alternativanikkei.com\/2026\/producto\/tabi-no-sakana-2-bocados-de-un-viaje-gourmet\/","title":{"rendered":"Tabi No Sakana 2. Bocados De Un Viaje Gourmet"},"content":{"rendered":"<p>TABI NO SAKANA 2. Bocados de un viaje gourmet<br \/>\nAutor: Masayuki Qusumi, Santa Uonome<br \/>\nTraducci\u00f3n: B\u00e1rbara Pesquer Isasi<br \/>\nDimensiones 1 \u00d7 15 \u00d7 21 cm<br \/>\nISBN: 9788412106855<br \/>\nN\u00ba P\u00e1ginas: 184<br \/>\nG\u00e9nero: C\u00f3mic, Manga, Novela gr\u00e1fica<\/p>\n<p>Sexto a\u00f1o del per\u00edodo Kansei (1794). Jippensha Ikku, por entonces un desconocido autor, recibe un encargo de su editor: realizar una gu\u00eda culinaria que recopile las especialidades gastron\u00f3micas, los sakes m\u00e1s selectos y los productos locales m\u00e1s exquisitos del pa\u00eds.<\/p>\n<p>Contin\u00faa el viaje de estos dos p\u00edcaros por el Tokaido. Una aventura repleta de incidentes en busca de las delicias gastron\u00f3micas de cada lugar que sirvi\u00f3 de inspiraci\u00f3n para Viaje por el Tokaido, la obra maestra de la literatura picaresca japonesa.<\/p>\n<p>Un maravilloso viaje gastron\u00f3mico por la ruta del Tokaido. Comida, bebida y mucha diversi\u00f3n.<\/p>\n","protected":false},"excerpt":{"rendered":"<p>TABI NO SAKANA 2. Bocados de un viaje gourmet Autor: Masayuki Qusumi, Santa Uonome Traducci\u00f3n: B\u00e1rbara Pesquer Isasi Dimensiones 1 \u00d7 15 \u00d7 21 cm ISBN: 9788412106855 N\u00ba P\u00e1ginas: 184 G\u00e9nero: C\u00f3mic, Manga, Novela gr\u00e1fica Sexto a\u00f1o del per\u00edodo Kansei (1794). Jippensha Ikku, por entonces un desconocido autor, recibe un encargo de su editor: realizar [&hellip;]<\/p>\n","protected":false},"featured_media":9769,"template":"","meta":[],"product_brand":[],"product_cat":[45,50],"product_tag":[],"class_list":{"0":"post-9755","1":"product","2":"type-product","3":"status-publish","4":"has-post-thumbnail","6":"product_cat-libreria","7":"product_cat-libros-y-revistas","9":"first","10":"instock","11":"shipping-taxable","12":"purchasable","13":"product-type-simple"},"_links":{"self":[{"href":"https:\/\/alternativanikkei.com\/2026\/wp-json\/wp\/v2\/product\/9755","targetHints":{"allow":["GET"]}}],"collection":[{"href":"https:\/\/alternativanikkei.com\/2026\/wp-json\/wp\/v2\/product"}],"about":[{"href":"https:\/\/alternativanikkei.com\/2026\/wp-json\/wp\/v2\/types\/product"}],"wp:featuredmedia":[{"embeddable":true,"href":"https:\/\/alternativanikkei.com\/2026\/wp-json\/wp\/v2\/media\/9769"}],"wp:attachment":[{"href":"https:\/\/alternativanikkei.com\/2026\/wp-json\/wp\/v2\/media?parent=9755"}],"wp:term":[{"taxonomy":"product_brand","embeddable":true,"href":"https:\/\/alternativanikkei.com\/2026\/wp-json\/wp\/v2\/product_brand?post=9755"},{"taxonomy":"product_cat","embeddable":true,"href":"https:\/\/alternativanikkei.com\/2026\/wp-json\/wp\/v2\/product_cat?post=9755"},{"taxonomy":"product_tag","embeddable":true,"href":"https:\/\/alternativanikkei.com\/2026\/wp-json\/wp\/v2\/product_tag?post=9755"}],"curies":[{"name":"wp","href":"https:\/\/api.w.org\/{rel}","templated":true}]}}