{"id":9757,"date":"2022-09-16T23:21:46","date_gmt":"2022-09-17T02:21:46","guid":{"rendered":"https:\/\/alternativanikkei.com\/?post_type=product&#038;p=9757"},"modified":"2025-03-02T01:23:54","modified_gmt":"2025-03-02T04:23:54","slug":"libro-la-sociedad-gastronomica-y-otros-cuentos-para-gourmets","status":"publish","type":"product","link":"https:\/\/alternativanikkei.com\/2026\/producto\/libro-la-sociedad-gastronomica-y-otros-cuentos-para-gourmets\/","title":{"rendered":"La Sociedad Gastron\u00f3mica Y Otros Cuentos Para Gourmets"},"content":{"rendered":"","protected":false},"excerpt":{"rendered":"<p>La Sociedad Gastron\u00f3mica y otros cuentos para gourmets<br \/>\nDimensiones 15.5 x 23 cm<br \/>\nAutor Tanizaki Dazai Miyazawa Okamoto Nagai Hayashi Sakaguchi Oda Kamitsukasa<br \/>\nTraducci\u00f3n Isami Romero Hoshino<br \/>\nISBN 9788494464942<br \/>\nN\u00ba P\u00e1ginas 312<br \/>\nG\u00e9nero Narrativa, Literatura Contempor\u00e1nea<\/p>\n<p>.<br \/>\nJap\u00f3n, primera mitad del siglo XX. El gobierno Meiji trata de modernizar un pa\u00eds que, a causa del aislacionismo, se ha quedado anclado en el pasado. Un pa\u00eds que en pocos a\u00f1os se convertir\u00e1 en una potencia mundial.<\/p>\n<p>En su interior, la sociedad busca un nuevo equilibrio entre tradici\u00f3n y modernidad, para no perder su identidad. En este escenario se ambientan los cuentos que conforman este libro, doce relatos que permiten una visi\u00f3n privilegiada de esa sociedad y de sus costumbres, mezcla de belleza, sensualidad, miseria y decadencia.<\/p>\n<p>Una selecci\u00f3n de relatos contempor\u00e1neos de marcado car\u00e1cter costumbrista, unidos todos ellos bajo el hilo conductor de la comida, tan importante para los japoneses y que constituye una se\u00f1a de identidad de valor incalculable fuera de sus fronteras, reconocida como Patrimonio Inmaterial Cultural de la Humanidad por la Unesco.<\/p>\n<p>Junto a Antolog\u00eda de relatos japoneses y a Un gran descubrimiento, este libro pone fi n a la trilog\u00eda de Relatos Japoneses Contempor\u00e1neos, tres libros que nos han permitido conocer y disfrutar de autores in\u00e9ditos en nuestro pa\u00eds adem\u00e1s de otros tan famosos como imprescindibles.<\/p>\n<p>La prensa ha dicho<\/p>\n<p>Un curioso e interesante volumen para cualquier gourmet de la literatura japonesa. (?)Quaterni no podr\u00eda estar m\u00e1s acertada con esta publicaci\u00f3n: en un presente en el que la gastronom\u00eda nos asedia desde todos los frentes medi\u00e1ticos con concursos sensacionalistas, prohibiciones e imposiciones, qu\u00e9 mejor remanso de paz que una serie de historias cotidianas, bellas, turbadoras, divertidas o dram\u00e1ticas que nos recuerden que la comida no es s\u00f3lo un producto de consumo, sino una forma de comprender nuestras vidas como individuos y como seres sociales.? Kappa Bunko<\/p>\n","protected":false},"featured_media":9760,"template":"","meta":[],"product_brand":[],"product_cat":[45,50],"product_tag":[],"class_list":{"0":"post-9757","1":"product","2":"type-product","3":"status-publish","4":"has-post-thumbnail","6":"product_cat-libreria","7":"product_cat-libros-y-revistas","9":"first","10":"instock","11":"shipping-taxable","12":"purchasable","13":"product-type-simple"},"_links":{"self":[{"href":"https:\/\/alternativanikkei.com\/2026\/wp-json\/wp\/v2\/product\/9757","targetHints":{"allow":["GET"]}}],"collection":[{"href":"https:\/\/alternativanikkei.com\/2026\/wp-json\/wp\/v2\/product"}],"about":[{"href":"https:\/\/alternativanikkei.com\/2026\/wp-json\/wp\/v2\/types\/product"}],"wp:featuredmedia":[{"embeddable":true,"href":"https:\/\/alternativanikkei.com\/2026\/wp-json\/wp\/v2\/media\/9760"}],"wp:attachment":[{"href":"https:\/\/alternativanikkei.com\/2026\/wp-json\/wp\/v2\/media?parent=9757"}],"wp:term":[{"taxonomy":"product_brand","embeddable":true,"href":"https:\/\/alternativanikkei.com\/2026\/wp-json\/wp\/v2\/product_brand?post=9757"},{"taxonomy":"product_cat","embeddable":true,"href":"https:\/\/alternativanikkei.com\/2026\/wp-json\/wp\/v2\/product_cat?post=9757"},{"taxonomy":"product_tag","embeddable":true,"href":"https:\/\/alternativanikkei.com\/2026\/wp-json\/wp\/v2\/product_tag?post=9757"}],"curies":[{"name":"wp","href":"https:\/\/api.w.org\/{rel}","templated":true}]}}