{"id":9763,"date":"2022-09-16T23:29:46","date_gmt":"2022-09-17T02:29:46","guid":{"rendered":"https:\/\/alternativanikkei.com\/?post_type=product&#038;p=9763"},"modified":"2026-03-31T09:38:01","modified_gmt":"2026-03-31T12:38:01","slug":"guia-ilustrada-de-monstruos-y-fantasmas-de-japon","status":"publish","type":"product","link":"https:\/\/alternativanikkei.com\/2026\/producto\/guia-ilustrada-de-monstruos-y-fantasmas-de-japon\/","title":{"rendered":"Gu\u00eda ilustrada de monstruos y fantasmas de jap\u00f3n"},"content":{"rendered":"<p>El lejano oriente representa para el lector occidental no solo un lugar ex\u00f3tico y bello, sino tambi\u00e9n una cultura y una forma de vida plagada de tradiciones, mitos y leyendas ancestrales que perduran en el imaginario colectivo, as\u00ed como en el d\u00eda a d\u00eda de sus gentes y costumbres. De entre otros pa\u00edses con gran tradici\u00f3n de cuentos y leyendas de fantasmas, Jap\u00f3n destaca por la gran variedad de seres y criaturas presentes en su cultura (literatura, pintura,\u00a0<em>manga<\/em>,\u00a0<em>anime<\/em>, cine y televisi\u00f3n).<\/p>\n<p>Es importante indicar que una de las diferencias m\u00e1s evidentes entre la cultura oriental y occidental se encuentra en la mitolog\u00eda que envuelve nuestras historias. As\u00ed, buena parte de la literatura japonesa est\u00e1 influenciada por siglos de relatos sobre\u00a0<em>y\u014dkai<\/em>, los demonios o monstruos que pueblan cada rinc\u00f3n del mundo, una base cultural que la mayor\u00eda de los lectores occidentales no tenemos.<\/p>\n<p>El lector se adentrar\u00e1 en un universo casi desconocido para el lector occidental, un mundo plagado de mitos y leyendas ancestrales por el que deambulan terror\u00edficos monstruos y fantasmas que te acompa\u00f1ar\u00e1n a lo largo de m\u00e1s de 400 p\u00e1ginas y que posiblemente te impidan conciliar el sue\u00f1o alguna que otra noche.<\/p>\n<p><strong>\u201cUna obra de referencia tanto para los interesados en Jap\u00f3n como para los amantes de la novela g\u00f3tica y de misterio\u201d.<\/strong><\/p>\n<p>\u201cImagino a un grupo muy amplio de gente interesada en una\u00a0gu\u00eda\u00a0as\u00ed, porque no creo que guste s\u00f3lo a los amantes de la<strong>\u00a0cultura japonesa, tambi\u00e9n les gustar\u00e1 a los interesados en la mitolog\u00eda, o en fantasmas y demonios, o en arte, o en mitolog\u00eda, o aquellos que busquen informaci\u00f3n para hacer sus propias narraciones de terror o fantas\u00eda, o simplemente a curiosos\u2026 (\u2026)\u00a0Esta gu\u00eda es flipante. Con toda su sencillez, a m\u00ed me ha enamorado por su dise\u00f1o (tanto el exterior con su tapa rugosa, como el interior), por su exotismo, por su folklore, por sus creencias, por esa retah\u00edla de monstruos y fantasmas\u2026 Divino.<\/strong>\u201d<strong>\u00a0Anika entre libros.<\/strong><\/p>\n<p>\u201cQuaterni ha realizado un\u00a0<strong>trabajo exquisito<\/strong>\u00a0con la publicaci\u00f3n de Gu\u00eda ilustrada de monstruos y fantasmas de Jap\u00f3n en nuestro pa\u00eds. Desde\u00a0<span class=\"text_exposed_show\">la impresi\u00f3n a la traducci\u00f3n est\u00e1n a la altura de una obra de las caracter\u00edsticas.\u00a0Imprescindible\u00a0para todo aquel que le gusta el folclore japon\u00e9s, y un libro\u00a0muy recomendable\u00a0para los que quieren introducirse en \u00e9l. (\u2026)\u00a0Una maravilla<\/span><span class=\"text_exposed_show\">\u00a0que ha llegado hasta nuestras fronteras \u00bfDe verdad la dejar\u00e1s escapar? Si te gusta la mitolog\u00eda japonesa ni te lo pienses, tienes que hacerte lo antes posible con una de las copias\u201d<\/span><strong><span class=\"text_exposed_show\">\u00a0Andrea Guillem en Tallon 4.<\/span><\/strong><\/p>\n","protected":false},"excerpt":{"rendered":"<p>El lejano oriente representa para el lector occidental no solo un lugar ex\u00f3tico y bello, sino tambi\u00e9n una cultura y una forma de vida plagada de tradiciones, mitos y leyendas ancestrales que perduran en el imaginario colectivo, as\u00ed como en el d\u00eda a d\u00eda de sus gentes y costumbres. De entre otros pa\u00edses con gran [&hellip;]<\/p>\n","protected":false},"featured_media":9764,"template":"","meta":[],"product_brand":[],"product_cat":[45,50],"product_tag":[],"class_list":{"0":"post-9763","1":"product","2":"type-product","3":"status-publish","4":"has-post-thumbnail","6":"product_cat-libreria","7":"product_cat-libros-y-revistas","9":"first","10":"instock","11":"shipping-taxable","12":"purchasable","13":"product-type-simple"},"_links":{"self":[{"href":"https:\/\/alternativanikkei.com\/2026\/wp-json\/wp\/v2\/product\/9763","targetHints":{"allow":["GET"]}}],"collection":[{"href":"https:\/\/alternativanikkei.com\/2026\/wp-json\/wp\/v2\/product"}],"about":[{"href":"https:\/\/alternativanikkei.com\/2026\/wp-json\/wp\/v2\/types\/product"}],"wp:featuredmedia":[{"embeddable":true,"href":"https:\/\/alternativanikkei.com\/2026\/wp-json\/wp\/v2\/media\/9764"}],"wp:attachment":[{"href":"https:\/\/alternativanikkei.com\/2026\/wp-json\/wp\/v2\/media?parent=9763"}],"wp:term":[{"taxonomy":"product_brand","embeddable":true,"href":"https:\/\/alternativanikkei.com\/2026\/wp-json\/wp\/v2\/product_brand?post=9763"},{"taxonomy":"product_cat","embeddable":true,"href":"https:\/\/alternativanikkei.com\/2026\/wp-json\/wp\/v2\/product_cat?post=9763"},{"taxonomy":"product_tag","embeddable":true,"href":"https:\/\/alternativanikkei.com\/2026\/wp-json\/wp\/v2\/product_tag?post=9763"}],"curies":[{"name":"wp","href":"https:\/\/api.w.org\/{rel}","templated":true}]}}