{"id":9765,"date":"2022-09-16T23:32:39","date_gmt":"2022-09-17T02:32:39","guid":{"rendered":"https:\/\/alternativanikkei.com\/?post_type=product&#038;p=9765"},"modified":"2026-03-31T09:37:47","modified_gmt":"2026-03-31T12:37:47","slug":"fantasmas-y-samurais","status":"publish","type":"product","link":"https:\/\/alternativanikkei.com\/2026\/producto\/fantasmas-y-samurais\/","title":{"rendered":"FANTASMAS y SAMURAIS"},"content":{"rendered":"<table class=\"andes-table\">\n<tbody class=\"andes-table__body\">\n<tr class=\"andes-table__row\">\n<th class=\"andes-table__header andes-table__header--left ui-pdp-specs__table__column ui-pdp-specs__table__column-title\">T\u00edtulo del libro<\/th>\n<td class=\"andes-table__column andes-table__column--left ui-pdp-specs__table__column\"><span class=\"andes-table__column--value\">Fantasmas y Samur\u00e1is: Cuentos modernos del viejo Jap\u00f3n<\/span><\/td>\n<\/tr>\n<tr class=\"andes-table__row\">\n<th class=\"andes-table__header andes-table__header--left ui-pdp-specs__table__column ui-pdp-specs__table__column-title\">Autor<\/th>\n<td class=\"andes-table__column andes-table__column--left ui-pdp-specs__table__column\"><span class=\"andes-table__column--value\">Okamoto Kido<\/span><\/td>\n<\/tr>\n<tr class=\"andes-table__row\">\n<th class=\"andes-table__header andes-table__header--left ui-pdp-specs__table__column ui-pdp-specs__table__column-title\">Idioma<\/th>\n<td class=\"andes-table__column andes-table__column--left ui-pdp-specs__table__column\"><span class=\"andes-table__column--value\">Espa\u00f1ol<\/span><\/td>\n<\/tr>\n<tr class=\"andes-table__row\">\n<th class=\"andes-table__header andes-table__header--left ui-pdp-specs__table__column ui-pdp-specs__table__column-title\">Editorial del libro<\/th>\n<td class=\"andes-table__column andes-table__column--left ui-pdp-specs__table__column\"><span class=\"andes-table__column--value\">Quaterni<\/span><\/td>\n<\/tr>\n<tr class=\"andes-table__row\">\n<th class=\"andes-table__header andes-table__header--left ui-pdp-specs__table__column ui-pdp-specs__table__column-title\">Tapa del libro<\/th>\n<td class=\"andes-table__column andes-table__column--left ui-pdp-specs__table__column\"><span class=\"andes-table__column--value\">Blanda<\/span><\/td>\n<\/tr>\n<tr class=\"andes-table__row\">\n<th class=\"andes-table__header andes-table__header--left ui-pdp-specs__table__column ui-pdp-specs__table__column-title\">A\u00f1o de publicaci\u00f3n<\/th>\n<td class=\"andes-table__column andes-table__column--left ui-pdp-specs__table__column\"><span class=\"andes-table__column--value\">2013<\/span><\/td>\n<\/tr>\n<\/tbody>\n<\/table>\n<p class=\"font-weight-light font-size-small color-text\">En una noche nevada de marzo, en un lugar llamado Seaid\u00f4, un grupo de personas se re\u00fane para contar kaidanes o cuentos de fantasmas, los m\u00e1s extra\u00f1os e inexplicables que conocen. El exc\u00e9ntrico due\u00f1o del lugar y una rana de tres patas son los anfitriones. La historia de un misterioso ciego que espera a alguien en un embarcadero, el cuento de una m\u00e1scara de mono, el de un pozo en cuyo interior est\u00e1n escondido un secreto inimaginable, o el de una siniestra mujer de una sola pierna son solo algunos relatos en los que adem\u00e1s de fantasmas, veremos reflejadas las pasiones humanas, sentimientos aun m\u00e1s terror\u00edficos que cualquier aparici\u00f3n sobrenatural. Escrito desde una perspectiva moderna, pero mostrando una clara a\u00f1oranza por el pasado, Fantasmas y samur\u00e1is, es un apasionante recorrido por el Jap\u00f3n del periodo Edo y anteriores, un pa\u00eds que ya no existe, plagado de costumbres, mitos y leyendas ancestrales y al que solo podemos acceder a trav\u00e9s de la literatura. Okamoto Kid\u00f4 (1872-1939), famoso por sus relatos sobre el inspector Hanshichi y por sus obras de teatro Kabuki, siempre estuvo interesado en los cuentos de fantasmas, un g\u00e9nero que la sociedad japonesa de su tiempo despreciaba, algo que no le impidi\u00f3 convertirse con el paso del tiempo en uno de los autores m\u00e1s queridos de la literatura popular nipona. Editorial Quaterni presenta un nuevo libro de uno de los escritores m\u00e1s interesantes de la primera mitad del siglo XX, traducido \u00edntegramente del japon\u00e9s.<\/p>\n","protected":false},"excerpt":{"rendered":"<p>T\u00edtulo del libro Fantasmas y Samur\u00e1is: Cuentos modernos del viejo Jap\u00f3n Autor Okamoto Kido Idioma Espa\u00f1ol Editorial del libro Quaterni Tapa del libro Blanda A\u00f1o de publicaci\u00f3n 2013 En una noche nevada de marzo, en un lugar llamado Seaid\u00f4, un grupo de personas se re\u00fane para contar kaidanes o cuentos de fantasmas, los m\u00e1s extra\u00f1os [&hellip;]<\/p>\n","protected":false},"featured_media":9766,"template":"","meta":[],"product_brand":[],"product_cat":[45,50],"product_tag":[],"class_list":{"0":"post-9765","1":"product","2":"type-product","3":"status-publish","4":"has-post-thumbnail","6":"product_cat-libreria","7":"product_cat-libros-y-revistas","9":"first","10":"instock","11":"shipping-taxable","12":"purchasable","13":"product-type-simple"},"_links":{"self":[{"href":"https:\/\/alternativanikkei.com\/2026\/wp-json\/wp\/v2\/product\/9765","targetHints":{"allow":["GET"]}}],"collection":[{"href":"https:\/\/alternativanikkei.com\/2026\/wp-json\/wp\/v2\/product"}],"about":[{"href":"https:\/\/alternativanikkei.com\/2026\/wp-json\/wp\/v2\/types\/product"}],"wp:featuredmedia":[{"embeddable":true,"href":"https:\/\/alternativanikkei.com\/2026\/wp-json\/wp\/v2\/media\/9766"}],"wp:attachment":[{"href":"https:\/\/alternativanikkei.com\/2026\/wp-json\/wp\/v2\/media?parent=9765"}],"wp:term":[{"taxonomy":"product_brand","embeddable":true,"href":"https:\/\/alternativanikkei.com\/2026\/wp-json\/wp\/v2\/product_brand?post=9765"},{"taxonomy":"product_cat","embeddable":true,"href":"https:\/\/alternativanikkei.com\/2026\/wp-json\/wp\/v2\/product_cat?post=9765"},{"taxonomy":"product_tag","embeddable":true,"href":"https:\/\/alternativanikkei.com\/2026\/wp-json\/wp\/v2\/product_tag?post=9765"}],"curies":[{"name":"wp","href":"https:\/\/api.w.org\/{rel}","templated":true}]}}