{"id":9767,"date":"2022-09-16T23:34:51","date_gmt":"2022-09-17T02:34:51","guid":{"rendered":"https:\/\/alternativanikkei.com\/?post_type=product&#038;p=9767"},"modified":"2024-08-24T17:12:09","modified_gmt":"2024-08-24T20:12:09","slug":"asesinato-en-la-estacion-terminal","status":"publish","type":"product","link":"https:\/\/alternativanikkei.com\/2026\/producto\/asesinato-en-la-estacion-terminal\/","title":{"rendered":"Asesinato en la Estaci\u00f3n Terminal"},"content":{"rendered":"<p>ASESINATO EN LA ESTACI\u00d3N TERMINAL<br \/>\nDimensiones 1.5 \u00d7 15.5 \u00d7 23 cm<br \/>\nAutor Kyotaro Nishimura<br \/>\nTraducci\u00f3n Kazumi Hasegawa<br \/>\nISBN 9788412106831<br \/>\nN\u00ba P\u00e1ginas 280<br \/>\nG\u00e9nero Novela de misterio, intriga, Policiaca<br \/>\nA\u00f1o de publicaci\u00f3n 2021<\/p>\n<p>Copia del expediente de la polic\u00eda metropolitana de Tokio:<\/p>\n<p>El viernes 1 de abril aparece el cuerpo sin vida de un var\u00f3n de alrededor de 25 a\u00f1os de edad en los servicios de la estaci\u00f3n de Ueno (Tokio).<br \/>\nCausa de la muerte: Homicidio con arma blanca.<br \/>\nHora aproximada del fallecimiento: entre las nueve y las 10 p.m.<\/p>\n<p>Los sospechosos son cuatro hombres y dos mujeres que viajan en el ferrocarril nocturno Yuzuru 7 (el tren azul), con destino a Aomori.<\/p>\n<p>Siete a\u00f1os despu\u00e9s de su graduaci\u00f3n, un grupo de amigos decide realizar un viaje de fin de semana a su ciudad de origen. Lo que parec\u00eda un feliz reencuentro se ver\u00e1 truncado cuando uno de ellos aparece asesinado minutos antes de que el tren parta de la estaci\u00f3n. La polic\u00eda sospecha que puede no ser \u00e9l \u00faltimo\u2026<\/p>\n<p>Comienza as\u00ed una investigaci\u00f3n contrarreloj a cargo de detective Kamei que deber\u00e1 atrapar al asesino antes de que este cometa m\u00e1s cr\u00edmenes.<\/p>\n","protected":false},"excerpt":{"rendered":"<p>ASESINATO EN LA ESTACI\u00d3N TERMINAL Dimensiones 1.5 \u00d7 15.5 \u00d7 23 cm Autor Kyotaro Nishimura Traducci\u00f3n Kazumi Hasegawa ISBN 9788412106831 N\u00ba P\u00e1ginas 280 G\u00e9nero Novela de misterio, intriga, Policiaca A\u00f1o de publicaci\u00f3n 2021 Copia del expediente de la polic\u00eda metropolitana de Tokio: El viernes 1 de abril aparece el cuerpo sin vida de un var\u00f3n [&hellip;]<\/p>\n","protected":false},"featured_media":9768,"template":"","meta":[],"product_brand":[],"product_cat":[45,50],"product_tag":[],"class_list":{"0":"post-9767","1":"product","2":"type-product","3":"status-publish","4":"has-post-thumbnail","6":"product_cat-libreria","7":"product_cat-libros-y-revistas","9":"first","10":"instock","11":"shipping-taxable","12":"purchasable","13":"product-type-simple"},"_links":{"self":[{"href":"https:\/\/alternativanikkei.com\/2026\/wp-json\/wp\/v2\/product\/9767","targetHints":{"allow":["GET"]}}],"collection":[{"href":"https:\/\/alternativanikkei.com\/2026\/wp-json\/wp\/v2\/product"}],"about":[{"href":"https:\/\/alternativanikkei.com\/2026\/wp-json\/wp\/v2\/types\/product"}],"wp:featuredmedia":[{"embeddable":true,"href":"https:\/\/alternativanikkei.com\/2026\/wp-json\/wp\/v2\/media\/9768"}],"wp:attachment":[{"href":"https:\/\/alternativanikkei.com\/2026\/wp-json\/wp\/v2\/media?parent=9767"}],"wp:term":[{"taxonomy":"product_brand","embeddable":true,"href":"https:\/\/alternativanikkei.com\/2026\/wp-json\/wp\/v2\/product_brand?post=9767"},{"taxonomy":"product_cat","embeddable":true,"href":"https:\/\/alternativanikkei.com\/2026\/wp-json\/wp\/v2\/product_cat?post=9767"},{"taxonomy":"product_tag","embeddable":true,"href":"https:\/\/alternativanikkei.com\/2026\/wp-json\/wp\/v2\/product_tag?post=9767"}],"curies":[{"name":"wp","href":"https:\/\/api.w.org\/{rel}","templated":true}]}}