{"id":9820,"date":"2023-08-20T13:24:14","date_gmt":"2023-08-20T16:24:14","guid":{"rendered":"https:\/\/alternativanikkei.com\/?post_type=product&#038;p=9820"},"modified":"2026-03-31T09:37:02","modified_gmt":"2026-03-31T12:37:02","slug":"como-un-gorrion","status":"publish","type":"product","link":"https:\/\/alternativanikkei.com\/2026\/producto\/como-un-gorrion\/","title":{"rendered":"Como un gorri\u00f3n"},"content":{"rendered":"<p>Una historia de vida simple pero atrapante, contada por alguien cuya suerte debi\u00f3 haber ocurido en Jap\u00f3n y el destino lo puso en las ant\u00edpodas:<br \/>\nen la Argentina, en donde el personaje se vuelve entra\u00f1able en base a los sucesos y vicisitudes que tuvo que sortear a lo largo de una vida llena de contrastes y altibajos.<\/p>\n<p>Remembranzas del bario, la educaci\u00f3n, los amigos y los peligros de una generaci\u00f3n castigada en los 70&#8230; Aprendizaje en medio de una puja entre<br \/>\ndos culturas, la de su sangre y la de la tierra en que naci\u00f3 y donde por ser diferente, debi\u00f3 buscar con actitud su identidad para integrarse y encontrar<br \/>\nun lugar de pertenencia.<\/p>\n<p>Un relato llano y valiente, con interesantes leyendas de sus antepasados, di\u00e1logos reflexivos, testimoniales, por momentos viscerales, una pizca de<br \/>\naventura y un sutil sentido del humor. Dise\u00f1ado por el l\u00e1piz de un arquitecto que construy\u00f3 en el d\u00eda a d\u00eda y con poco de margen de error su proyecto m\u00e1s<br \/>\nimportante, una famila.<\/p>\n<p>Un libro distinto autobiogr\u00e1fico.<\/p>\n<p>&nbsp;<\/p>\n<p><em><strong>Carlos Tanaka (Kimio)<\/strong>. Arquitecto, naci\u00f3 en la Argentina en 1955. Cuando ten\u00eda 8 a\u00f1os, muere su padre y su madre decide entre Jap\u00f3n o la Argentina. Se quedan aqu\u00ed. A los 66 a\u00f1os, en la pandemia, se reencontr\u00f3 con su tradici\u00f3n japonesa (Kimio es su nombre en esa lengua) y public\u00f3 su autobiograf\u00eda \u201cComo un gorri\u00f3n\u201d, un relato de contrastes y altibajos, de historias de abandonos y superaciones, de prejuicios y de c\u00f3mo pudo integrarse, encontrar su identidad y un lugar de pertenencia. Es un libro dise\u00f1ado por el l\u00e1piz fino de un arquitecto que construy\u00f3 en el d\u00eda a d\u00eda su proyecto m\u00e1s importante: una familia.<br \/>\n\u200bInstagram @carlosarqtnk<\/em><\/p>\n","protected":false},"excerpt":{"rendered":"<p>Una historia de vida simple pero atrapante, contada por alguien cuya suerte debi\u00f3 haber ocurido en Jap\u00f3n y el destino lo puso en las ant\u00edpodas: en la Argentina, en donde el personaje se vuelve entra\u00f1able en base a los sucesos y vicisitudes que tuvo que sortear a lo largo de una vida llena de contrastes [&hellip;]<\/p>\n","protected":false},"featured_media":9821,"template":"","meta":[],"product_brand":[],"product_cat":[45,50],"product_tag":[],"class_list":{"0":"post-9820","1":"product","2":"type-product","3":"status-publish","4":"has-post-thumbnail","6":"product_cat-libreria","7":"product_cat-libros-y-revistas","9":"first","10":"instock","11":"shipping-taxable","12":"purchasable","13":"product-type-simple"},"_links":{"self":[{"href":"https:\/\/alternativanikkei.com\/2026\/wp-json\/wp\/v2\/product\/9820","targetHints":{"allow":["GET"]}}],"collection":[{"href":"https:\/\/alternativanikkei.com\/2026\/wp-json\/wp\/v2\/product"}],"about":[{"href":"https:\/\/alternativanikkei.com\/2026\/wp-json\/wp\/v2\/types\/product"}],"wp:featuredmedia":[{"embeddable":true,"href":"https:\/\/alternativanikkei.com\/2026\/wp-json\/wp\/v2\/media\/9821"}],"wp:attachment":[{"href":"https:\/\/alternativanikkei.com\/2026\/wp-json\/wp\/v2\/media?parent=9820"}],"wp:term":[{"taxonomy":"product_brand","embeddable":true,"href":"https:\/\/alternativanikkei.com\/2026\/wp-json\/wp\/v2\/product_brand?post=9820"},{"taxonomy":"product_cat","embeddable":true,"href":"https:\/\/alternativanikkei.com\/2026\/wp-json\/wp\/v2\/product_cat?post=9820"},{"taxonomy":"product_tag","embeddable":true,"href":"https:\/\/alternativanikkei.com\/2026\/wp-json\/wp\/v2\/product_tag?post=9820"}],"curies":[{"name":"wp","href":"https:\/\/api.w.org\/{rel}","templated":true}]}}