{"id":9823,"date":"2023-08-20T13:36:14","date_gmt":"2023-08-20T16:36:14","guid":{"rendered":"https:\/\/alternativanikkei.com\/?post_type=product&#038;p=9823"},"modified":"2026-03-31T09:36:30","modified_gmt":"2026-03-31T12:36:30","slug":"cronicas-de-japon","status":"publish","type":"product","link":"https:\/\/alternativanikkei.com\/2026\/producto\/cronicas-de-japon\/","title":{"rendered":"Cr\u00f3nicas de Jap\u00f3n"},"content":{"rendered":"<p><strong>\u00abCr\u00f3nicas de Jap\u00f3n\u00bb te llevar\u00e1 a un recorrido inolvidable por la cultura, la historia y las experiencias personales del autor en este cautivador pa\u00eds.<\/strong><\/p>\n<p><strong>Autor del libro: Ricardo Hara<\/strong><\/p>\n<p>Ricardo Hara naci\u00f3 en Buenos Aires y es descendiente de una familia japonesa. Actualmente se desempe\u00f1a como consultor, gestor de negocios y organizador de viajes a Jap\u00f3n. Conocedor profundo de ambas culturas, el autor representa un experimentado gu\u00eda para quien quiera comprender mejor ese pa\u00eds lejano, pleno de misterio ancestral y modernidad.<\/p>\n<p>Su pasi\u00f3n por los viajes y fotograf\u00eda definen el esp\u00edritu de este libro conformado por m\u00e1s de trescientas breves cr\u00f3nicas escritas a lo largo de los dos \u00faltimos a\u00f1os en tiempos de pandemia, como un portal de acceso hacia los enigmas de la sociedad japonesa.<\/p>\n","protected":false},"excerpt":{"rendered":"<p>\u00abCr\u00f3nicas de Jap\u00f3n\u00bb te llevar\u00e1 a un recorrido inolvidable por la cultura, la historia y las experiencias personales del autor en este cautivador pa\u00eds. Autor del libro: Ricardo Hara Ricardo Hara naci\u00f3 en Buenos Aires y es descendiente de una familia japonesa. Actualmente se desempe\u00f1a como consultor, gestor de negocios y organizador de viajes a [&hellip;]<\/p>\n","protected":false},"featured_media":9824,"template":"","meta":[],"product_brand":[],"product_cat":[45,50],"product_tag":[],"class_list":{"0":"post-9823","1":"product","2":"type-product","3":"status-publish","4":"has-post-thumbnail","6":"product_cat-libreria","7":"product_cat-libros-y-revistas","9":"first","10":"instock","11":"shipping-taxable","12":"purchasable","13":"product-type-simple"},"_links":{"self":[{"href":"https:\/\/alternativanikkei.com\/2026\/wp-json\/wp\/v2\/product\/9823","targetHints":{"allow":["GET"]}}],"collection":[{"href":"https:\/\/alternativanikkei.com\/2026\/wp-json\/wp\/v2\/product"}],"about":[{"href":"https:\/\/alternativanikkei.com\/2026\/wp-json\/wp\/v2\/types\/product"}],"wp:featuredmedia":[{"embeddable":true,"href":"https:\/\/alternativanikkei.com\/2026\/wp-json\/wp\/v2\/media\/9824"}],"wp:attachment":[{"href":"https:\/\/alternativanikkei.com\/2026\/wp-json\/wp\/v2\/media?parent=9823"}],"wp:term":[{"taxonomy":"product_brand","embeddable":true,"href":"https:\/\/alternativanikkei.com\/2026\/wp-json\/wp\/v2\/product_brand?post=9823"},{"taxonomy":"product_cat","embeddable":true,"href":"https:\/\/alternativanikkei.com\/2026\/wp-json\/wp\/v2\/product_cat?post=9823"},{"taxonomy":"product_tag","embeddable":true,"href":"https:\/\/alternativanikkei.com\/2026\/wp-json\/wp\/v2\/product_tag?post=9823"}],"curies":[{"name":"wp","href":"https:\/\/api.w.org\/{rel}","templated":true}]}}