{"id":9825,"date":"2023-08-20T14:08:36","date_gmt":"2023-08-20T17:08:36","guid":{"rendered":"https:\/\/alternativanikkei.com\/?post_type=product&#038;p=9825"},"modified":"2025-05-17T16:57:06","modified_gmt":"2025-05-17T19:57:06","slug":"principito-en-japones-saint-exupery","status":"publish","type":"product","link":"https:\/\/alternativanikkei.com\/2026\/producto\/principito-en-japones-saint-exupery\/","title":{"rendered":"Principito en Japones. Saint Exupery"},"content":{"rendered":"<table class=\"andes-table\">\n<tbody class=\"andes-table__body\">\n<tr class=\"andes-table__row\">\n<th class=\"andes-table__header andes-table__header--left ui-pdp-specs__table__column ui-pdp-specs__table__column-title\">T\u00edtulo del libro<\/th>\n<td class=\"andes-table__column andes-table__column--left ui-pdp-specs__table__column\"><span class=\"andes-table__column--value\">EL PRINCIPITO EN JAPONES<\/span><\/td>\n<\/tr>\n<tr class=\"andes-table__row\">\n<th class=\"andes-table__header andes-table__header--left ui-pdp-specs__table__column ui-pdp-specs__table__column-title\">Subt\u00edtulo del libro<\/th>\n<td class=\"andes-table__column andes-table__column--left ui-pdp-specs__table__column\"><span class=\"andes-table__column--value\">EN JAPONES<\/span><\/td>\n<\/tr>\n<tr class=\"andes-table__row\">\n<th class=\"andes-table__header andes-table__header--left ui-pdp-specs__table__column ui-pdp-specs__table__column-title\">Autor<\/th>\n<td class=\"andes-table__column andes-table__column--left ui-pdp-specs__table__column\"><span class=\"andes-table__column--value\">Saint exup\u00e9ry<\/span><\/td>\n<\/tr>\n<tr class=\"andes-table__row\">\n<th class=\"andes-table__header andes-table__header--left ui-pdp-specs__table__column ui-pdp-specs__table__column-title\">Idioma<\/th>\n<td class=\"andes-table__column andes-table__column--left ui-pdp-specs__table__column\"><span class=\"andes-table__column--value\">Japon\u00e9s<\/span><\/td>\n<\/tr>\n<tr class=\"andes-table__row\">\n<th class=\"andes-table__header andes-table__header--left ui-pdp-specs__table__column ui-pdp-specs__table__column-title\">Editorial del libro<\/th>\n<td class=\"andes-table__column andes-table__column--left ui-pdp-specs__table__column\"><span class=\"andes-table__column--value\">Universitas<\/span><\/td>\n<\/tr>\n<tr class=\"andes-table__row\">\n<th class=\"andes-table__header andes-table__header--left ui-pdp-specs__table__column ui-pdp-specs__table__column-title\">Edici\u00f3n del libro<\/th>\n<td class=\"andes-table__column andes-table__column--left ui-pdp-specs__table__column\"><span class=\"andes-table__column--value\">1<\/span><\/td>\n<\/tr>\n<tr class=\"andes-table__row\">\n<th class=\"andes-table__header andes-table__header--left ui-pdp-specs__table__column ui-pdp-specs__table__column-title\">Tapa del libro<\/th>\n<td class=\"andes-table__column andes-table__column--left ui-pdp-specs__table__column\"><span class=\"andes-table__column--value\">Blanda<\/span><\/td>\n<\/tr>\n<tr class=\"andes-table__row\">\n<th class=\"andes-table__header andes-table__header--left ui-pdp-specs__table__column ui-pdp-specs__table__column-title\">Con \u00edndice<\/th>\n<td class=\"andes-table__column andes-table__column--left ui-pdp-specs__table__column\"><span class=\"andes-table__column--value\">No<\/span><\/td>\n<\/tr>\n<tr class=\"andes-table__row\">\n<th class=\"andes-table__header andes-table__header--left ui-pdp-specs__table__column ui-pdp-specs__table__column-title\">A\u00f1o de publicaci\u00f3n<\/th>\n<td class=\"andes-table__column andes-table__column--left ui-pdp-specs__table__column\"><span class=\"andes-table__column--value\">2018<\/span><\/td>\n<\/tr>\n<\/tbody>\n<\/table>\n","protected":false},"excerpt":{"rendered":"<p>T\u00edtulo del libro EL PRINCIPITO EN JAPONES Subt\u00edtulo del libro EN JAPONES Autor Saint exup\u00e9ry Idioma Japon\u00e9s Editorial del libro Universitas Edici\u00f3n del libro 1 Tapa del libro Blanda Con \u00edndice No A\u00f1o de publicaci\u00f3n 2018<\/p>\n","protected":false},"featured_media":9826,"template":"","meta":[],"product_brand":[],"product_cat":[45,50],"product_tag":[],"class_list":{"0":"post-9825","1":"product","2":"type-product","3":"status-publish","4":"has-post-thumbnail","6":"product_cat-libreria","7":"product_cat-libros-y-revistas","9":"first","10":"instock","11":"shipping-taxable","12":"purchasable","13":"product-type-simple"},"_links":{"self":[{"href":"https:\/\/alternativanikkei.com\/2026\/wp-json\/wp\/v2\/product\/9825","targetHints":{"allow":["GET"]}}],"collection":[{"href":"https:\/\/alternativanikkei.com\/2026\/wp-json\/wp\/v2\/product"}],"about":[{"href":"https:\/\/alternativanikkei.com\/2026\/wp-json\/wp\/v2\/types\/product"}],"wp:featuredmedia":[{"embeddable":true,"href":"https:\/\/alternativanikkei.com\/2026\/wp-json\/wp\/v2\/media\/9826"}],"wp:attachment":[{"href":"https:\/\/alternativanikkei.com\/2026\/wp-json\/wp\/v2\/media?parent=9825"}],"wp:term":[{"taxonomy":"product_brand","embeddable":true,"href":"https:\/\/alternativanikkei.com\/2026\/wp-json\/wp\/v2\/product_brand?post=9825"},{"taxonomy":"product_cat","embeddable":true,"href":"https:\/\/alternativanikkei.com\/2026\/wp-json\/wp\/v2\/product_cat?post=9825"},{"taxonomy":"product_tag","embeddable":true,"href":"https:\/\/alternativanikkei.com\/2026\/wp-json\/wp\/v2\/product_tag?post=9825"}],"curies":[{"name":"wp","href":"https:\/\/api.w.org\/{rel}","templated":true}]}}